{"id":2,"date":"2014-03-04T13:24:57","date_gmt":"2014-03-04T13:24:57","guid":{"rendered":"http:\/\/new.congost\/blog\/?page_id=2"},"modified":"2014-12-05T11:19:56","modified_gmt":"2014-12-05T11:19:56","slug":"contacto","status":"publish","type":"page","link":"https:\/\/blog.congost.com\/es\/index.php\/contacto","title":{"rendered":"Contacto"},"content":{"rendered":"<p><b>M\u00e1s informaci\u00f3n en la web de <a title=\"Congost Plastic\" href=\"https:\/\/www.congost.com\" target=\"_blank\">CONGOST PLASTIC<\/a><b><\/b><\/b><\/p>\n<p><b>CONGOST PLASTIC, S.A.<\/b><\/p>\n<p><a title=\"Cam\u00ed de la Rovira, s\/n 08187 - Santa Eulalia de Ron\u00e7ana Barcelona\" href=\"https:\/\/goo.gl\/maps\/LCJx5\" target=\"_blank\"> Cam\u00ed de la Rovira, s\/n 08187 &#8211; Santa Eulalia de Ron\u00e7ana Barcelona SPAIN<\/a><\/p>\n<p>Tel.:<a title=\"Telf Congost\" href=\"tel:\/\/+34 938 448 684\"> +34 938 448 684<\/a><\/p>\n<p>Fax: +34 938 448 718<\/p>\n<p>E-mail: <a title=\"Email Congost\" href=\"mailto:congost@congost.com\">congost@congost.com<\/a><\/p>\n<p><b>CONGOST FRANCE<\/b><\/p>\n<p><a title=\"7, all\u00e9e de l' Arros  31770 Colomiers (France)\" href=\"https:\/\/goo.gl\/maps\/2bkmx\" target=\"_blank\">7, all\u00e9e de l&#8217; Arros 31770 Colomiers (France)<\/a><\/p>\n<p>Tel.: +33 561 536 919<\/p>\n<p>E-mail: <a href=\"mailto:commercial@congostfrance.com\" target=\"_blank\">commercial@congostfrance.com<\/a><\/p>\nSiguenos   <a class=\"synved-social-button synved-social-button-follow synved-social-size-16 synved-social-resolution-single synved-social-provider-facebook nolightbox\" data-provider=\"facebook\" target=\"_blank\" rel=\"nofollow\" title=\"Follow us on Facebook\" href=\"https:\/\/www.facebook.com\/congostplastic\/\" style=\"font-size: 0px;width:16px;height:16px;margin:0;margin-bottom:5px;margin-right:5px\"><img loading=\"lazy\" decoding=\"async\" alt=\"Facebook\" title=\"Follow us on Facebook\" class=\"synved-share-image synved-social-image synved-social-image-follow\" width=\"16\" height=\"16\" style=\"display: inline;width:16px;height:16px;margin: 0;padding: 0;border: none;box-shadow: none\" src=\"https:\/\/blog.congost.com\/wp-content\/plugins\/social-media-feather\/synved-social\/image\/social\/regular\/32x32\/facebook.png\" \/><\/a><a class=\"synved-social-button synved-social-button-follow synved-social-size-16 synved-social-resolution-single synved-social-provider-linkedin nolightbox\" data-provider=\"linkedin\" target=\"_blank\" rel=\"nofollow\" title=\"Find us on Linkedin\" href=\"https:\/\/www.linkedin.com\/company\/congost-plastic-s.a.?trk=top_nav_home%20\" style=\"font-size: 0px;width:16px;height:16px;margin:0;margin-bottom:5px;margin-right:5px\"><img loading=\"lazy\" decoding=\"async\" alt=\"linkedin\" title=\"Find us on Linkedin\" class=\"synved-share-image synved-social-image synved-social-image-follow\" width=\"16\" height=\"16\" style=\"display: inline;width:16px;height:16px;margin: 0;padding: 0;border: none;box-shadow: none\" src=\"https:\/\/blog.congost.com\/wp-content\/plugins\/social-media-feather\/synved-social\/image\/social\/regular\/32x32\/linkedin.png\" \/><\/a><a class=\"synved-social-button synved-social-button-follow synved-social-size-16 synved-social-resolution-single synved-social-provider-rss nolightbox\" data-provider=\"rss\" target=\"_blank\" rel=\"nofollow\" title=\"Subscribe to our RSS Feed\" href=\"https:\/\/feeds.feedburner.com\/MyFeedName\" style=\"font-size: 0px;width:16px;height:16px;margin:0;margin-bottom:5px;margin-right:5px\"><img loading=\"lazy\" decoding=\"async\" alt=\"rss\" title=\"Subscribe to our RSS Feed\" class=\"synved-share-image synved-social-image synved-social-image-follow\" width=\"16\" height=\"16\" style=\"display: inline;width:16px;height:16px;margin: 0;padding: 0;border: none;box-shadow: none\" src=\"https:\/\/blog.congost.com\/wp-content\/plugins\/social-media-feather\/synved-social\/image\/social\/regular\/32x32\/rss.png\" \/><\/a><a class=\"synved-social-button synved-social-button-follow synved-social-size-16 synved-social-resolution-single synved-social-provider-youtube nolightbox\" data-provider=\"youtube\" target=\"_blank\" rel=\"nofollow\" title=\"Find us on YouTube\" href=\"https:\/\/www.youtube.com\/channel\/UCBl4gfIRNByFnXgWYTOB7bg\/feed?view_as=public%20\" style=\"font-size: 0px;width:16px;height:16px;margin:0;margin-bottom:5px\"><img loading=\"lazy\" decoding=\"async\" alt=\"youtube\" title=\"Find us on YouTube\" class=\"synved-share-image synved-social-image synved-social-image-follow\" width=\"16\" height=\"16\" style=\"display: inline;width:16px;height:16px;margin: 0;padding: 0;border: none;box-shadow: none\" src=\"https:\/\/blog.congost.com\/wp-content\/plugins\/social-media-feather\/synved-social\/image\/social\/regular\/32x32\/youtube.png\" \/><\/a><br\/>Comparte   <a class=\"synved-social-button synved-social-button-share synved-social-size-16 synved-social-resolution-single synved-social-provider-facebook nolightbox\" data-provider=\"facebook\" target=\"_blank\" rel=\"nofollow\" title=\"Share on Facebook\" href=\"https:\/\/www.facebook.com\/sharer.php?u=https%3A%2F%2Fblog.congost.com%2Fes%2Findex.php%2Fwp-json%2Fwp%2Fv2%2Fpages%2F2&#038;t=Contacto&#038;s=100&#038;p&#091;url&#093;=https%3A%2F%2Fblog.congost.com%2Fes%2Findex.php%2Fwp-json%2Fwp%2Fv2%2Fpages%2F2&#038;p&#091;images&#093;&#091;0&#093;=&#038;p&#091;title&#093;=Contacto\" style=\"font-size: 0px;width:16px;height:16px;margin:0;margin-bottom:5px;margin-right:5px\"><img loading=\"lazy\" decoding=\"async\" alt=\"Facebook\" title=\"Share on Facebook\" class=\"synved-share-image synved-social-image synved-social-image-share\" width=\"16\" height=\"16\" style=\"display: inline;width:16px;height:16px;margin: 0;padding: 0;border: none;box-shadow: none\" src=\"https:\/\/blog.congost.com\/wp-content\/plugins\/social-media-feather\/synved-social\/image\/social\/regular\/32x32\/facebook.png\" \/><\/a><a class=\"synved-social-button synved-social-button-share synved-social-size-16 synved-social-resolution-single synved-social-provider-twitter nolightbox\" data-provider=\"twitter\" target=\"_blank\" rel=\"nofollow\" title=\"Share on Twitter\" href=\"https:\/\/twitter.com\/intent\/tweet?url=https%3A%2F%2Fblog.congost.com%2Fes%2Findex.php%2Fwp-json%2Fwp%2Fv2%2Fpages%2F2&#038;text=Hey%20check%20this%20out\" style=\"font-size: 0px;width:16px;height:16px;margin:0;margin-bottom:5px;margin-right:5px\"><img loading=\"lazy\" decoding=\"async\" alt=\"twitter\" title=\"Share on Twitter\" class=\"synved-share-image synved-social-image synved-social-image-share\" width=\"16\" height=\"16\" style=\"display: inline;width:16px;height:16px;margin: 0;padding: 0;border: none;box-shadow: none\" src=\"https:\/\/blog.congost.com\/wp-content\/plugins\/social-media-feather\/synved-social\/image\/social\/regular\/32x32\/twitter.png\" \/><\/a><a class=\"synved-social-button synved-social-button-share synved-social-size-16 synved-social-resolution-single synved-social-provider-pinterest nolightbox\" data-provider=\"pinterest\" target=\"_blank\" rel=\"nofollow\" title=\"Pin it with Pinterest\" href=\"https:\/\/pinterest.com\/pin\/create\/button\/?url=https%3A%2F%2Fblog.congost.com%2Fes%2Findex.php%2Fwp-json%2Fwp%2Fv2%2Fpages%2F2&#038;media=&#038;description=Contacto\" style=\"font-size: 0px;width:16px;height:16px;margin:0;margin-bottom:5px;margin-right:5px\"><img loading=\"lazy\" decoding=\"async\" alt=\"pinterest\" title=\"Pin it with Pinterest\" class=\"synved-share-image synved-social-image synved-social-image-share\" width=\"16\" height=\"16\" style=\"display: inline;width:16px;height:16px;margin: 0;padding: 0;border: none;box-shadow: none\" src=\"https:\/\/blog.congost.com\/wp-content\/plugins\/social-media-feather\/synved-social\/image\/social\/regular\/32x32\/pinterest.png\" \/><\/a><a class=\"synved-social-button synved-social-button-share synved-social-size-16 synved-social-resolution-single synved-social-provider-linkedin nolightbox\" data-provider=\"linkedin\" target=\"_blank\" rel=\"nofollow\" title=\"Share on Linkedin\" href=\"https:\/\/www.linkedin.com\/shareArticle?mini=true&#038;url=https%3A%2F%2Fblog.congost.com%2Fes%2Findex.php%2Fwp-json%2Fwp%2Fv2%2Fpages%2F2&#038;title=Contacto\" style=\"font-size: 0px;width:16px;height:16px;margin:0;margin-bottom:5px;margin-right:5px\"><img loading=\"lazy\" decoding=\"async\" alt=\"linkedin\" title=\"Share on Linkedin\" class=\"synved-share-image synved-social-image synved-social-image-share\" width=\"16\" height=\"16\" style=\"display: inline;width:16px;height:16px;margin: 0;padding: 0;border: none;box-shadow: none\" src=\"https:\/\/blog.congost.com\/wp-content\/plugins\/social-media-feather\/synved-social\/image\/social\/regular\/32x32\/linkedin.png\" \/><\/a><a class=\"synved-social-button synved-social-button-share synved-social-size-16 synved-social-resolution-single synved-social-provider-mail nolightbox\" data-provider=\"mail\" rel=\"nofollow\" title=\"Share by email\" href=\"mailto:?subject=Contacto&#038;body=Hey%20check%20this%20out:%20https%3A%2F%2Fblog.congost.com%2Fes%2Findex.php%2Fwp-json%2Fwp%2Fv2%2Fpages%2F2\" style=\"font-size: 0px;width:16px;height:16px;margin:0;margin-bottom:5px\"><img loading=\"lazy\" decoding=\"async\" alt=\"mail\" title=\"Share by email\" class=\"synved-share-image synved-social-image synved-social-image-share\" width=\"16\" height=\"16\" style=\"display: inline;width:16px;height:16px;margin: 0;padding: 0;border: none;box-shadow: none\" src=\"https:\/\/blog.congost.com\/wp-content\/plugins\/social-media-feather\/synved-social\/image\/social\/regular\/32x32\/mail.png\" \/><\/a>","protected":false},"excerpt":{"rendered":"<p>M\u00e1s informaci\u00f3n en la web de CONGOST PLASTIC CONGOST PLASTIC, S.A. Cam\u00ed de la Rovira, s\/n 08187 &#8211; Santa Eulalia de Ron\u00e7ana Barcelona SPAIN Tel.: +34 938 448 684 Fax: +34 938 448 718 E-mail: congost@congost.com CONGOST FRANCE 7, all\u00e9e de l&#8217; Arros 31770 Colomiers (France) Tel.: +33 561 536 919 E-mail: commercial@congostfrance.com Siguenos Comparte<\/p>\n","protected":false},"author":1,"featured_media":0,"parent":0,"menu_order":10,"comment_status":"closed","ping_status":"closed","template":"","meta":{"footnotes":""},"class_list":["post-2","page","type-page","status-publish","hentry"],"_links":{"self":[{"href":"https:\/\/blog.congost.com\/es\/index.php\/wp-json\/wp\/v2\/pages\/2","targetHints":{"allow":["GET"]}}],"collection":[{"href":"https:\/\/blog.congost.com\/es\/index.php\/wp-json\/wp\/v2\/pages"}],"about":[{"href":"https:\/\/blog.congost.com\/es\/index.php\/wp-json\/wp\/v2\/types\/page"}],"author":[{"embeddable":true,"href":"https:\/\/blog.congost.com\/es\/index.php\/wp-json\/wp\/v2\/users\/1"}],"replies":[{"embeddable":true,"href":"https:\/\/blog.congost.com\/es\/index.php\/wp-json\/wp\/v2\/comments?post=2"}],"version-history":[{"count":5,"href":"https:\/\/blog.congost.com\/es\/index.php\/wp-json\/wp\/v2\/pages\/2\/revisions"}],"predecessor-version":[{"id":245,"href":"https:\/\/blog.congost.com\/es\/index.php\/wp-json\/wp\/v2\/pages\/2\/revisions\/245"}],"wp:attachment":[{"href":"https:\/\/blog.congost.com\/es\/index.php\/wp-json\/wp\/v2\/media?parent=2"}],"curies":[{"name":"wp","href":"https:\/\/api.w.org\/{rel}","templated":true}]}}